{"id":5776,"date":"2022-04-04T18:01:30","date_gmt":"2022-04-04T18:01:30","guid":{"rendered":"https:\/\/lavadoras-secadoras.cl\/?page_id=5776"},"modified":"2026-04-16T16:55:37","modified_gmt":"2026-04-16T16:55:37","slug":"nuestros-servicios","status":"publish","type":"page","link":"https:\/\/lavadoras-secadoras.cl\/?page_id=5776","title":{"rendered":"Nuestros Servicios"},"content":{"rendered":"\t\t<div data-elementor-type=\"wp-page\" data-elementor-id=\"5776\" class=\"elementor elementor-5776\" data-elementor-post-type=\"page\">\n\t\t\t\t\t\t<section class=\"elementor-section elementor-top-section elementor-element elementor-element-ba63f5d elementor-section-boxed elementor-section-height-default elementor-section-height-default\" data-id=\"ba63f5d\" data-element_type=\"section\" data-e-type=\"section\" data-settings=\"{&quot;jet_parallax_layout_list&quot;:[]}\">\n\t\t\t\t\t\t<div class=\"elementor-container elementor-column-gap-custom\">\n\t\t\t\t\t<div class=\"elementor-column elementor-col-50 elementor-top-column elementor-element elementor-element-536c96c\" data-id=\"536c96c\" data-element_type=\"column\" data-e-type=\"column\">\n\t\t\t<div class=\"elementor-widget-wrap elementor-element-populated\">\n\t\t\t\t\t\t<div class=\"elementor-element elementor-element-fcf34ff elementor-widget elementor-widget-heading\" data-id=\"fcf34ff\" data-element_type=\"widget\" data-e-type=\"widget\" data-widget_type=\"heading.default\">\n\t\t\t\t<div class=\"elementor-widget-container\">\n\t\t\t\t\t<h3 class=\"elementor-heading-title elementor-size-default\">Servicio T\u00e9cnico de Lavadoras<\/h3>\t\t\t\t<\/div>\n\t\t\t\t<\/div>\n\t\t\t\t<div class=\"elementor-element elementor-element-fa9c6ce elementor-widget elementor-widget-image\" data-id=\"fa9c6ce\" data-element_type=\"widget\" data-e-type=\"widget\" data-widget_type=\"image.default\">\n\t\t\t\t<div class=\"elementor-widget-container\">\n\t\t\t\t\t\t\t\t\t\t\t\t\t\t\t<img fetchpriority=\"high\" decoding=\"async\" width=\"800\" height=\"300\" src=\"https:\/\/lavadoras-secadoras.cl\/wp-content\/uploads\/2022\/04\/CAB_SERV_LAVADORAS-1024x384.jpg\" class=\"attachment-large size-large wp-image-5781\" alt=\"\" srcset=\"https:\/\/lavadoras-secadoras.cl\/wp-content\/uploads\/2022\/04\/CAB_SERV_LAVADORAS-1024x384.jpg 1024w, https:\/\/lavadoras-secadoras.cl\/wp-content\/uploads\/2022\/04\/CAB_SERV_LAVADORAS-300x113.jpg 300w, https:\/\/lavadoras-secadoras.cl\/wp-content\/uploads\/2022\/04\/CAB_SERV_LAVADORAS-768x288.jpg 768w, https:\/\/lavadoras-secadoras.cl\/wp-content\/uploads\/2022\/04\/CAB_SERV_LAVADORAS-1536x576.jpg 1536w, https:\/\/lavadoras-secadoras.cl\/wp-content\/uploads\/2022\/04\/CAB_SERV_LAVADORAS-600x225.jpg 600w, https:\/\/lavadoras-secadoras.cl\/wp-content\/uploads\/2022\/04\/CAB_SERV_LAVADORAS.jpg 1600w\" sizes=\"(max-width: 800px) 100vw, 800px\" \/>\t\t\t\t\t\t\t\t\t\t\t\t\t\t\t<\/div>\n\t\t\t\t<\/div>\n\t\t\t\t<div class=\"elementor-element elementor-element-0d1fc63 elementor-widget elementor-widget-text-editor\" data-id=\"0d1fc63\" data-element_type=\"widget\" data-e-type=\"widget\" data-widget_type=\"text-editor.default\">\n\t\t\t\t<div class=\"elementor-widget-container\">\n\t\t\t\t\t\t\t\t\t<p>Reconocido como uno de los equipos con mayor uso del hogar, las lavadoras son esenciales para el funcionamiento de las familias. Este tipo de equipo si bien es uno de los m\u00e1s usados, tambi\u00e9n en uno de los que menores mantenciones recibe en el hogar, y generalmente se llama al t\u00e9cnico una vez que el equipo comenz\u00f3 a presentar fallas.<\/p><p>Dentro de las fallas m\u00e1s recurrentes de este tipo de equipos, nos encontramos con que el equipo nos bota el agua, el equipo prende pero no lava, el cilindro no gira para lavar, entre otros.<\/p><p>Ante todos estos problemas que puede llegar a presentar su equipo, lo m\u00e1s seguro es poner en manos de profesionales la reparaci\u00f3n de su equipo. En nuestras manos su equipo dejara de presentar fallas, y lo m\u00e1s seguro,\u00a0 es que la vida \u00fatil del mismo se mantendr\u00e1 e incluso puede llegar a extenderse con los cuidados necesarios.<\/p>\t\t\t\t\t\t\t\t<\/div>\n\t\t\t\t<\/div>\n\t\t\t\t\t<\/div>\n\t\t<\/div>\n\t\t\t\t<div class=\"elementor-column elementor-col-50 elementor-top-column elementor-element elementor-element-06bd9e2\" data-id=\"06bd9e2\" data-element_type=\"column\" data-e-type=\"column\">\n\t\t\t<div class=\"elementor-widget-wrap elementor-element-populated\">\n\t\t\t\t\t\t<div class=\"elementor-element elementor-element-55073f1 elementor-widget elementor-widget-heading\" data-id=\"55073f1\" data-element_type=\"widget\" data-e-type=\"widget\" data-widget_type=\"heading.default\">\n\t\t\t\t<div class=\"elementor-widget-container\">\n\t\t\t\t\t<h3 class=\"elementor-heading-title elementor-size-default\">Servicio T\u00e9cnico de Secadoras<\/h3>\t\t\t\t<\/div>\n\t\t\t\t<\/div>\n\t\t\t\t<div class=\"elementor-element elementor-element-028ff16 elementor-widget elementor-widget-image\" data-id=\"028ff16\" data-element_type=\"widget\" data-e-type=\"widget\" data-widget_type=\"image.default\">\n\t\t\t\t<div class=\"elementor-widget-container\">\n\t\t\t\t\t\t\t\t\t\t\t\t\t\t\t<img decoding=\"async\" width=\"800\" height=\"300\" src=\"https:\/\/lavadoras-secadoras.cl\/wp-content\/uploads\/2022\/04\/CAB_SERV_SECADORAS-1024x384.jpg\" class=\"attachment-large size-large wp-image-5782\" alt=\"\" srcset=\"https:\/\/lavadoras-secadoras.cl\/wp-content\/uploads\/2022\/04\/CAB_SERV_SECADORAS-1024x384.jpg 1024w, https:\/\/lavadoras-secadoras.cl\/wp-content\/uploads\/2022\/04\/CAB_SERV_SECADORAS-300x113.jpg 300w, https:\/\/lavadoras-secadoras.cl\/wp-content\/uploads\/2022\/04\/CAB_SERV_SECADORAS-768x288.jpg 768w, https:\/\/lavadoras-secadoras.cl\/wp-content\/uploads\/2022\/04\/CAB_SERV_SECADORAS-1536x576.jpg 1536w, https:\/\/lavadoras-secadoras.cl\/wp-content\/uploads\/2022\/04\/CAB_SERV_SECADORAS-600x225.jpg 600w, https:\/\/lavadoras-secadoras.cl\/wp-content\/uploads\/2022\/04\/CAB_SERV_SECADORAS.jpg 1600w\" sizes=\"(max-width: 800px) 100vw, 800px\" \/>\t\t\t\t\t\t\t\t\t\t\t\t\t\t\t<\/div>\n\t\t\t\t<\/div>\n\t\t\t\t<div class=\"elementor-element elementor-element-d48bcd2 elementor-widget elementor-widget-text-editor\" data-id=\"d48bcd2\" data-element_type=\"widget\" data-e-type=\"widget\" data-widget_type=\"text-editor.default\">\n\t\t\t\t<div class=\"elementor-widget-container\">\n\t\t\t\t\t\t\t\t\t<p>Tradicionalmente usado en \u00e9pocas estacionales como el oto\u00f1o y el invierno, las secadoras se han abierto espacio en los hogares por su rapidez y eficiencia, ahora siendo usadas todo el a\u00f1o. Es por ello que este tipo de equipo, hoy trabaja a la par con otros equipos como lavadoras y refrigeradores.<\/p>\n<p>Dado su contante uso, es muy posible que este equipo presente problemas en su funcionamiento. Es por ello que poner la reparaci\u00f3n de este tipo de equipo en manos de profesionales es esencial, para que su equipo pueda funcionar sin problemas y&nbsp; conserve su vida \u00fatil.<\/p>\n<p>Que problemas son los m\u00e1s comunes en este tipo de equipo, pues podemos mencionar, la ropa queda h\u00fameda, el sensor de secado se encuentra con sarro, el ventilador de escape se encuentra tapado, programa se secado se extiende m\u00e1s all\u00e1 del tiempo, entre otros.<\/p>\t\t\t\t\t\t\t\t<\/div>\n\t\t\t\t<\/div>\n\t\t\t\t\t<\/div>\n\t\t<\/div>\n\t\t\t\t\t<\/div>\n\t\t<\/section>\n\t\t\t\t<section class=\"elementor-section elementor-top-section elementor-element elementor-element-566ec17 elementor-section-boxed elementor-section-height-default elementor-section-height-default\" data-id=\"566ec17\" data-element_type=\"section\" data-e-type=\"section\" data-settings=\"{&quot;jet_parallax_layout_list&quot;:[]}\">\n\t\t\t\t\t\t<div class=\"elementor-container elementor-column-gap-custom\">\n\t\t\t\t\t<div class=\"elementor-column elementor-col-100 elementor-top-column elementor-element elementor-element-3cdf229\" data-id=\"3cdf229\" data-element_type=\"column\" data-e-type=\"column\">\n\t\t\t<div class=\"elementor-widget-wrap elementor-element-populated\">\n\t\t\t\t\t\t<div class=\"elementor-element elementor-element-cf4347e elementor-widget elementor-widget-heading\" data-id=\"cf4347e\" data-element_type=\"widget\" data-e-type=\"widget\" data-widget_type=\"heading.default\">\n\t\t\t\t<div class=\"elementor-widget-container\">\n\t\t\t\t\t<h3 class=\"elementor-heading-title elementor-size-default\">Servicio T\u00e9cnico  Lavavajilla<\/h3>\t\t\t\t<\/div>\n\t\t\t\t<\/div>\n\t\t\t\t<div class=\"elementor-element elementor-element-9204894 elementor-widget elementor-widget-image\" data-id=\"9204894\" data-element_type=\"widget\" data-e-type=\"widget\" data-widget_type=\"image.default\">\n\t\t\t\t<div class=\"elementor-widget-container\">\n\t\t\t\t\t\t\t\t\t\t\t\t\t\t\t<img decoding=\"async\" width=\"800\" height=\"300\" src=\"https:\/\/lavadoras-secadoras.cl\/wp-content\/uploads\/2022\/04\/CAB_SERV_LAVAVAJILLAS-1024x384.jpg\" class=\"attachment-large size-large wp-image-5791\" alt=\"\" srcset=\"https:\/\/lavadoras-secadoras.cl\/wp-content\/uploads\/2022\/04\/CAB_SERV_LAVAVAJILLAS-1024x384.jpg 1024w, https:\/\/lavadoras-secadoras.cl\/wp-content\/uploads\/2022\/04\/CAB_SERV_LAVAVAJILLAS-300x113.jpg 300w, https:\/\/lavadoras-secadoras.cl\/wp-content\/uploads\/2022\/04\/CAB_SERV_LAVAVAJILLAS-768x288.jpg 768w, https:\/\/lavadoras-secadoras.cl\/wp-content\/uploads\/2022\/04\/CAB_SERV_LAVAVAJILLAS-1536x576.jpg 1536w, https:\/\/lavadoras-secadoras.cl\/wp-content\/uploads\/2022\/04\/CAB_SERV_LAVAVAJILLAS-600x225.jpg 600w, https:\/\/lavadoras-secadoras.cl\/wp-content\/uploads\/2022\/04\/CAB_SERV_LAVAVAJILLAS.jpg 1600w\" sizes=\"(max-width: 800px) 100vw, 800px\" \/>\t\t\t\t\t\t\t\t\t\t\t\t\t\t\t<\/div>\n\t\t\t\t<\/div>\n\t\t\t\t<div class=\"elementor-element elementor-element-232ba69 elementor-widget elementor-widget-text-editor\" data-id=\"232ba69\" data-element_type=\"widget\" data-e-type=\"widget\" data-widget_type=\"text-editor.default\">\n\t\t\t\t<div class=\"elementor-widget-container\">\n\t\t\t\t\t\t\t\t\t<p>El lavavajilla es un equipo que rara vez presenta desperfectos, y esto\u00a0 dado el constante uso que se le da en los hogares. Dentro de los problemas que principalmente presenta son por ejemplo que el equipo no enciende, el equipo no vota el agua, o en algunos casos se puede percibir un olor extra\u00f1o.<\/p><p>Los equipos de lavavajillas se componen de una amplia variedad de piezas y circuitos que componen un sistema mayor, es por ello que la reparaci\u00f3n de este tipo de equipos debe ser realizada por un especialista a fin de mantener el correcto funcionamiento de estos equipos.<\/p>\t\t\t\t\t\t\t\t<\/div>\n\t\t\t\t<\/div>\n\t\t\t\t\t<\/div>\n\t\t<\/div>\n\t\t\t\t\t<\/div>\n\t\t<\/section>\n\t\t\t\t<\/div>\n\t\t","protected":false},"excerpt":{"rendered":"<p>Servicio T\u00e9cnico de Lavadoras Reconocido como uno de los equipos con mayor uso del hogar, las lavadoras son esenciales para el funcionamiento de las familias. Este tipo de equipo si bien es uno de los m\u00e1s usados, tambi\u00e9n en uno de los que menores mantenciones recibe en el hogar, y generalmente se llama al t\u00e9cnico [&hellip;]<\/p>\n","protected":false},"author":3,"featured_media":0,"parent":0,"menu_order":0,"comment_status":"closed","ping_status":"closed","template":"","meta":{"footnotes":""},"class_list":["post-5776","page","type-page","status-publish","hentry"],"_links":{"self":[{"href":"https:\/\/lavadoras-secadoras.cl\/index.php?rest_route=\/wp\/v2\/pages\/5776","targetHints":{"allow":["GET"]}}],"collection":[{"href":"https:\/\/lavadoras-secadoras.cl\/index.php?rest_route=\/wp\/v2\/pages"}],"about":[{"href":"https:\/\/lavadoras-secadoras.cl\/index.php?rest_route=\/wp\/v2\/types\/page"}],"author":[{"embeddable":true,"href":"https:\/\/lavadoras-secadoras.cl\/index.php?rest_route=\/wp\/v2\/users\/3"}],"replies":[{"embeddable":true,"href":"https:\/\/lavadoras-secadoras.cl\/index.php?rest_route=%2Fwp%2Fv2%2Fcomments&post=5776"}],"version-history":[{"count":52,"href":"https:\/\/lavadoras-secadoras.cl\/index.php?rest_route=\/wp\/v2\/pages\/5776\/revisions"}],"predecessor-version":[{"id":5892,"href":"https:\/\/lavadoras-secadoras.cl\/index.php?rest_route=\/wp\/v2\/pages\/5776\/revisions\/5892"}],"wp:attachment":[{"href":"https:\/\/lavadoras-secadoras.cl\/index.php?rest_route=%2Fwp%2Fv2%2Fmedia&parent=5776"}],"curies":[{"name":"wp","href":"https:\/\/api.w.org\/{rel}","templated":true}]}}