{"id":3960,"date":"2021-08-25T17:53:43","date_gmt":"2021-08-25T17:53:43","guid":{"rendered":"https:\/\/lavadoras-secadoras.cl\/?page_id=3960"},"modified":"2026-03-28T23:20:37","modified_gmt":"2026-03-28T23:20:37","slug":"inicio","status":"publish","type":"page","link":"https:\/\/lavadoras-secadoras.cl\/","title":{"rendered":"Inicio"},"content":{"rendered":"\t\t<div data-elementor-type=\"wp-page\" data-elementor-id=\"3960\" class=\"elementor elementor-3960\" data-elementor-post-type=\"page\">\n\t\t\t\t\t\t<section class=\"elementor-section elementor-top-section elementor-element elementor-element-044d4a6 elementor-section-height-min-height elementor-section-items-stretch elementor-section-boxed elementor-section-height-default\" data-id=\"044d4a6\" data-element_type=\"section\" data-e-type=\"section\" data-settings=\"{&quot;jet_parallax_layout_list&quot;:[],&quot;background_background&quot;:&quot;slideshow&quot;,&quot;background_slideshow_gallery&quot;:[{&quot;id&quot;:5842,&quot;url&quot;:&quot;https:\\\/\\\/lavadoras-secadoras.cl\\\/wp-content\\\/uploads\\\/2022\\\/04\\\/3.jpg&quot;},{&quot;id&quot;:5843,&quot;url&quot;:&quot;https:\\\/\\\/lavadoras-secadoras.cl\\\/wp-content\\\/uploads\\\/2022\\\/04\\\/10.jpg&quot;},{&quot;id&quot;:5844,&quot;url&quot;:&quot;https:\\\/\\\/lavadoras-secadoras.cl\\\/wp-content\\\/uploads\\\/2022\\\/04\\\/18.jpg&quot;}],&quot;background_slideshow_loop&quot;:&quot;yes&quot;,&quot;background_slideshow_slide_duration&quot;:5000,&quot;background_slideshow_slide_transition&quot;:&quot;fade&quot;,&quot;background_slideshow_transition_duration&quot;:500}\">\n\t\t\t\t\t\t<div class=\"elementor-container elementor-column-gap-default\">\n\t\t\t\t\t<div class=\"elementor-column elementor-col-50 elementor-top-column elementor-element elementor-element-2115b94\" data-id=\"2115b94\" data-element_type=\"column\" data-e-type=\"column\" data-settings=\"{&quot;background_background&quot;:&quot;classic&quot;}\">\n\t\t\t<div class=\"elementor-widget-wrap\">\n\t\t\t\t\t\t\t<\/div>\n\t\t<\/div>\n\t\t\t\t<div class=\"elementor-column elementor-col-50 elementor-top-column elementor-element elementor-element-61ce60a\" data-id=\"61ce60a\" data-element_type=\"column\" data-e-type=\"column\" data-settings=\"{&quot;background_background&quot;:&quot;classic&quot;}\">\n\t\t\t<div class=\"elementor-widget-wrap elementor-element-populated\">\n\t\t\t\t\t\t<div class=\"elementor-element elementor-element-31ac4e9 elementor-widget elementor-widget-jet-animated-text\" data-id=\"31ac4e9\" data-element_type=\"widget\" data-e-type=\"widget\" data-widget_type=\"jet-animated-text.default\">\n\t\t\t\t<div class=\"elementor-widget-container\">\n\t\t\t\t\t<div class=\"elementor-jet-animated-text jet-elements\">\n<div class=\"jet-animated-text jet-animated-text--effect-fx11\" data-settings='{&quot;effect&quot;:&quot;fx11&quot;,&quot;delay&quot;:3000}'>\n\t\t<div class=\"jet-animated-text__animated-text\">\n<div class=\"jet-animated-text__animated-text-item active visible\" dir=\"ltr\">\n\t<span>\u00bfProblemas<\/span>&nbsp;<span>con<\/span>&nbsp;<span>su<\/span>&nbsp;<span>lavadora<\/span>&nbsp;<span>o<\/span>&nbsp;<span>secadora?<\/span>&nbsp;<span><\/span>&nbsp;<span>\u00bfMantenci\u00f3n<\/span>&nbsp;<span>o<\/span>&nbsp;<span>reparaci\u00f3n?<\/span><\/div>\n<div class=\"jet-animated-text__animated-text-item\" dir=\"ltr\">\n\t<span>\u00bfEl<\/span>&nbsp;<span>aire<\/span>&nbsp;<span>acondicionado<\/span>&nbsp;<span>de<\/span>&nbsp;<span>su<\/span>&nbsp;<span>hogar<\/span>&nbsp;<span>no<\/span>&nbsp;<span>mantiene<\/span>&nbsp;<span>un<\/span>&nbsp;<span>ambiente<\/span>&nbsp;<span>agradable?<\/span><\/div>\n<\/div>\t<\/div><\/div>\t\t\t\t<\/div>\n\t\t\t\t<\/div>\n\t\t\t\t\t<\/div>\n\t\t<\/div>\n\t\t\t\t\t<\/div>\n\t\t<\/section>\n\t\t\t\t<section class=\"elementor-section elementor-top-section elementor-element elementor-element-d12633a elementor-section-boxed elementor-section-height-default elementor-section-height-default\" data-id=\"d12633a\" data-element_type=\"section\" data-e-type=\"section\" data-settings=\"{&quot;jet_parallax_layout_list&quot;:[]}\">\n\t\t\t\t\t\t<div class=\"elementor-container elementor-column-gap-default\">\n\t\t\t\t\t<div class=\"elementor-column elementor-col-50 elementor-top-column elementor-element elementor-element-4c111cb\" data-id=\"4c111cb\" data-element_type=\"column\" data-e-type=\"column\">\n\t\t\t<div class=\"elementor-widget-wrap elementor-element-populated\">\n\t\t\t\t\t\t<div class=\"elementor-element elementor-element-49fda78 elementor-widget elementor-widget-image\" data-id=\"49fda78\" data-element_type=\"widget\" data-e-type=\"widget\" data-widget_type=\"image.default\">\n\t\t\t\t<div class=\"elementor-widget-container\">\n\t\t\t\t\t\t\t\t\t\t\t\t\t\t\t<img fetchpriority=\"high\" decoding=\"async\" width=\"800\" height=\"518\" src=\"https:\/\/lavadoras-secadoras.cl\/wp-content\/uploads\/2022\/04\/FOTO_INICIO.jpg\" class=\"attachment-large size-large wp-image-5757\" alt=\"\" srcset=\"https:\/\/lavadoras-secadoras.cl\/wp-content\/uploads\/2022\/04\/FOTO_INICIO.jpg 800w, https:\/\/lavadoras-secadoras.cl\/wp-content\/uploads\/2022\/04\/FOTO_INICIO-300x194.jpg 300w, https:\/\/lavadoras-secadoras.cl\/wp-content\/uploads\/2022\/04\/FOTO_INICIO-768x497.jpg 768w, https:\/\/lavadoras-secadoras.cl\/wp-content\/uploads\/2022\/04\/FOTO_INICIO-600x389.jpg 600w\" sizes=\"(max-width: 800px) 100vw, 800px\" \/>\t\t\t\t\t\t\t\t\t\t\t\t\t\t\t<\/div>\n\t\t\t\t<\/div>\n\t\t\t\t\t<\/div>\n\t\t<\/div>\n\t\t\t\t<div class=\"elementor-column elementor-col-50 elementor-top-column elementor-element elementor-element-36553f1\" data-id=\"36553f1\" data-element_type=\"column\" data-e-type=\"column\">\n\t\t\t<div class=\"elementor-widget-wrap elementor-element-populated\">\n\t\t\t\t\t\t<div class=\"elementor-element elementor-element-f37033a elementor-widget elementor-widget-heading\" data-id=\"f37033a\" data-element_type=\"widget\" data-e-type=\"widget\" data-widget_type=\"heading.default\">\n\t\t\t\t<div class=\"elementor-widget-container\">\n\t\t\t\t\t<h2 class=\"elementor-heading-title elementor-size-xxl\">Jamcenter<\/h2>\t\t\t\t<\/div>\n\t\t\t\t<\/div>\n\t\t\t\t<div class=\"elementor-element elementor-element-22f56b4 elementor-widget elementor-widget-text-editor\" data-id=\"22f56b4\" data-element_type=\"widget\" data-e-type=\"widget\" data-widget_type=\"text-editor.default\">\n\t\t\t\t<div class=\"elementor-widget-container\">\n\t\t\t\t\t\t\t\t\t<p>Cont\u00e1ctenos, en Jamcenter somos especialistas en reparaciones de equipos altamente usados en el hogar. El servicio t\u00e9cnico de reparaci\u00f3n est\u00e1 disponible para atenci\u00f3n de emergencias as\u00ed, tambi\u00e9n \u00a0para servicios de mantenci\u00f3n, con el objetivo de mantener sus equipos funcionando en \u00f3ptimas condiciones.<\/p><p>Cont\u00e1ctenos y solicite una visita t\u00e9cnica, nuestros profesionales se acercaran a su domicilio, har\u00e1n las revisiones correspondientes e informaran sobre cu\u00e1les son los pasos a seguir para hacer el proceso que su equipo requiere.<\/p>\t\t\t\t\t\t\t\t<\/div>\n\t\t\t\t<\/div>\n\t\t\t\t\t<\/div>\n\t\t<\/div>\n\t\t\t\t\t<\/div>\n\t\t<\/section>\n\t\t\t\t<\/div>\n\t\t","protected":false},"excerpt":{"rendered":"<p>\u00bfProblemas&nbsp;con&nbsp;su&nbsp;lavadora&nbsp;o&nbsp;secadora?&nbsp;&nbsp;\u00bfMantenci\u00f3n&nbsp;o&nbsp;reparaci\u00f3n? \u00bfEl&nbsp;aire&nbsp;acondicionado&nbsp;de&nbsp;su&nbsp;hogar&nbsp;no&nbsp;mantiene&nbsp;un&nbsp;ambiente&nbsp;agradable? Jamcenter Cont\u00e1ctenos, en Jamcenter somos especialistas en reparaciones de equipos altamente usados en el hogar. El servicio t\u00e9cnico de reparaci\u00f3n est\u00e1 disponible para atenci\u00f3n de emergencias as\u00ed, tambi\u00e9n \u00a0para servicios de mantenci\u00f3n, con el objetivo de mantener sus equipos funcionando en \u00f3ptimas condiciones. Cont\u00e1ctenos y solicite una visita t\u00e9cnica, nuestros profesionales se acercaran [&hellip;]<\/p>\n","protected":false},"author":3,"featured_media":0,"parent":0,"menu_order":0,"comment_status":"closed","ping_status":"closed","template":"","meta":{"footnotes":""},"class_list":["post-3960","page","type-page","status-publish","hentry"],"_links":{"self":[{"href":"https:\/\/lavadoras-secadoras.cl\/index.php?rest_route=\/wp\/v2\/pages\/3960","targetHints":{"allow":["GET"]}}],"collection":[{"href":"https:\/\/lavadoras-secadoras.cl\/index.php?rest_route=\/wp\/v2\/pages"}],"about":[{"href":"https:\/\/lavadoras-secadoras.cl\/index.php?rest_route=\/wp\/v2\/types\/page"}],"author":[{"embeddable":true,"href":"https:\/\/lavadoras-secadoras.cl\/index.php?rest_route=\/wp\/v2\/users\/3"}],"replies":[{"embeddable":true,"href":"https:\/\/lavadoras-secadoras.cl\/index.php?rest_route=%2Fwp%2Fv2%2Fcomments&post=3960"}],"version-history":[{"count":662,"href":"https:\/\/lavadoras-secadoras.cl\/index.php?rest_route=\/wp\/v2\/pages\/3960\/revisions"}],"predecessor-version":[{"id":5880,"href":"https:\/\/lavadoras-secadoras.cl\/index.php?rest_route=\/wp\/v2\/pages\/3960\/revisions\/5880"}],"wp:attachment":[{"href":"https:\/\/lavadoras-secadoras.cl\/index.php?rest_route=%2Fwp%2Fv2%2Fmedia&parent=3960"}],"curies":[{"name":"wp","href":"https:\/\/api.w.org\/{rel}","templated":true}]}}